{"id":164,"date":"2020-09-18T12:38:49","date_gmt":"2020-09-18T10:38:49","guid":{"rendered":"https:\/\/gayhelpline.it\/?page_id=164"},"modified":"2026-01-08T20:03:12","modified_gmt":"2026-01-08T19:03:12","slug":"chat-speakly","status":"publish","type":"page","link":"https:\/\/gayhelpline.it\/en\/chat-speakly\/","title":{"rendered":"Chat"},"content":{"rendered":"<p class=\"verde24\"><span style=\"font-size: 12pt;\"><strong>Speakly Chat is the chat service of Gay Help Line 800 713 713<\/strong><\/span><\/p>\n<div class=\"grigio14\">\n<div><\/div>\n<div><span style=\"font-size: 12pt;\"><strong>If you want to chat with an operator you can:<\/strong><\/span><\/div>\n<div><\/div>\n<\/div>\n<div class=\"grigio14\">\n<div>\n<p><span style=\"font-size: 12pt;\"><strong>\u2013 connect to the site <a href=\"https:\/\/speakly.org\/#\/\" target=\"_blank\" rel=\"noopener\">speakly.org<\/a><\/strong><\/span><\/p>\n<p><a href=\"https:\/\/speakly.org\/\" target=\"_blank\" rel=\"noopener\"><img loading=\"lazy\" decoding=\"async\" class=\"alignnone wp-image-177 size-medium\" src=\"https:\/\/gayhelpline.it\/wp-content\/uploads\/sites\/5\/2020\/09\/chat_green-300x133.png\" alt=\"\" width=\"300\" height=\"133\" srcset=\"https:\/\/gayhelpline.it\/wp-content\/uploads\/sites\/5\/2020\/09\/chat_green-300x133.png 300w, https:\/\/gayhelpline.it\/wp-content\/uploads\/sites\/5\/2020\/09\/chat_green.png 768w\" sizes=\"auto, (max-width: 300px) 100vw, 300px\" \/><\/a><\/p>\n<\/div>\n<div><\/div>\n<div><span style=\"font-size: 12pt;\">The service is active from <strong>Monday to Friday from 4pm to 8pm<\/strong>.<\/span><\/div>\n<div><\/div>\n<div><span style=\"font-size: 12pt;\">If the chat malfunctions, please let us know by calling 800 713 713.<\/span><\/div>\n<div><\/div>\n<\/div>\n<div>\n<div class=\"grigio14\">\n<div><span style=\"font-size: 12pt;\"><strong>\u2013 download the \u201cSpeakly\u201d App from iOS devices <a href=\"https:\/\/apps.apple.com\/it\/app\/speakly-chat\/id6751469682\" target=\"_blank\" rel=\"noopener\">(Click here)<\/a> and Android <a href=\"https:\/\/play.google.com\/store\/apps\/details?id=it.chat.speakly.app\" target=\"_blank\" rel=\"noopener\">(Click here)<\/a><\/strong><\/span><\/div>\n<\/div>\n<div>\n<table style=\"border-collapse: collapse; width: 34.86338797814208%;\">\n<tbody>\n<tr>\n<td style=\"width: 17.978142076502735%;\"><span style=\"font-size: 12pt;\"><a href=\"https:\/\/apps.apple.com\/it\/app\/speakly-chat\/id6751469682\" target=\"_blank\" rel=\"noopener\"><img loading=\"lazy\" decoding=\"async\" class=\"alignnone wp-image-40\" src=\"https:\/\/gayhelpline.it\/wp-content\/uploads\/sites\/5\/2020\/09\/apple-store-badge.png\" alt=\"\" width=\"149\" height=\"44\" \/><\/a><\/span><\/td>\n<td style=\"width: 16.88524590163935%;\"><span style=\"font-size: 12pt;\"><a href=\"https:\/\/play.google.com\/store\/apps\/details?id=it.chat.speakly.app\" target=\"_blank\" rel=\"noopener\"><img loading=\"lazy\" decoding=\"async\" class=\"alignnone wp-image-41\" src=\"https:\/\/gayhelpline.it\/wp-content\/uploads\/sites\/5\/2020\/09\/google-play-badge.png\" alt=\"\" width=\"140\" height=\"46\" \/><\/a><\/span><\/td>\n<\/tr>\n<\/tbody>\n<\/table>\n<\/div>\n<\/div>","protected":false},"excerpt":{"rendered":"<p>Speakly Chat \u00e8 il servizio chat di Gay Help Line 800 713 713 Se vuoi chattare con un operatore puoi: &#8211; collegarti al sito speakly.org Il servizio \u00e8 attivo dal luned\u00ec al venerd\u00ec dalle&#46;&#46;&#46;<\/p>","protected":false},"author":1,"featured_media":0,"parent":0,"menu_order":0,"comment_status":"closed","ping_status":"closed","template":"","meta":{"_mc_calendar":[],"footnotes":""},"class_list":["post-164","page","type-page","status-publish","hentry"],"_links":{"self":[{"href":"https:\/\/gayhelpline.it\/en\/wp-json\/wp\/v2\/pages\/164","targetHints":{"allow":["GET"]}}],"collection":[{"href":"https:\/\/gayhelpline.it\/en\/wp-json\/wp\/v2\/pages"}],"about":[{"href":"https:\/\/gayhelpline.it\/en\/wp-json\/wp\/v2\/types\/page"}],"author":[{"embeddable":true,"href":"https:\/\/gayhelpline.it\/en\/wp-json\/wp\/v2\/users\/1"}],"replies":[{"embeddable":true,"href":"https:\/\/gayhelpline.it\/en\/wp-json\/wp\/v2\/comments?post=164"}],"version-history":[{"count":9,"href":"https:\/\/gayhelpline.it\/en\/wp-json\/wp\/v2\/pages\/164\/revisions"}],"predecessor-version":[{"id":1548,"href":"https:\/\/gayhelpline.it\/en\/wp-json\/wp\/v2\/pages\/164\/revisions\/1548"}],"wp:attachment":[{"href":"https:\/\/gayhelpline.it\/en\/wp-json\/wp\/v2\/media?parent=164"}],"curies":[{"name":"wp","href":"https:\/\/api.w.org\/{rel}","templated":true}]}}