{"id":1450,"date":"2024-11-27T23:32:11","date_gmt":"2024-11-27T22:32:11","guid":{"rendered":"https:\/\/gayhelpline.it\/?page_id=1450"},"modified":"2024-11-28T18:52:22","modified_gmt":"2024-11-28T17:52:22","slug":"sportello-intercultura","status":"publish","type":"page","link":"https:\/\/gayhelpline.it\/en\/sportello-intercultura\/","title":{"rendered":"Intercultural Help Desk"},"content":{"rendered":"<p>The LGBTQIA+ Intercultural Help Desk (Lesbian, Gay, Bisexual, Trans*, Queer, Intersexual, Asexual and more) offers support and assistance to migrants who face discrimination based on their sexual orientation or gender identity.<\/p>\n<p>The service provides legal assistance, psychological support, intercultural mediation, and support activities related to political refugee status or international protection applicants based on sexual orientation or gender identity.<\/p>\n<p>In particular, the service offers welcome and orientation interviews and provides access to the following professional consultancy services:<br \/>\n<em>\u2013 legal support in exercising one&#039;s rights to remain in the country of arrival;<\/em><br \/>\n<em>\u2013 counseling or psychological support with an ethnographic and affirmative approach;<\/em><br \/>\n<em>\u2013 social mediation in accessing health services, education, training, employment, and housing.<\/em><\/p>\n<p><strong>In Italy, being or engaging in homosexual or bisexual behavior or living as transgender is not a crime.<\/strong><br \/>\n<strong>You can apply for international protection free of charge if your country of origin has a homophobic or transphobic environment and if you have suffered violence and\/or discrimination.<\/strong><\/p>\n<p><strong>You can make an appointment by writing us an email at <a href=\"mailto:intercultura@gayhelpline.it\">intercultura@gayhelpline.it<\/a> or by calling the toll-free number <span style=\"color: #008000\">800 713 713<\/span> (The number is active from Monday to Saturday from 4:00 pm to 8:00 pm).<\/p>\n<p><\/strong><\/p>\n<p><strong><span class=\"x19la9d6 x1fc57z9 x6ikm8r x10wlt62 x19co3pv x1g5zs5t xfibh0p xiy17q3 x1xsqp64 x1lkfr7t xexx8yu x4uap5 x18d9i69 xkhd6sd\"><span class=\"xrtxmta x1bhl96m\">\ud83c\uddec\ud83c\udde7 <\/span><\/span>In Italy, being or having homosexual or bisexual behaviors or living as transgender is not a crime.<\/strong><br \/>\n<strong>You can ask freely for international protection if in your home country there is a homophobic or transphobic environment and if you have experienced violence and\/or discrimination.<\/strong><\/p>\n<p><strong>\ud83c\uddeb\ud83c\uddf7 En Italie, \u00eatre ou avoir des comportements homosexuels ou bisexuels ou vivre comme transgenre n\u2019est pas un crime.<\/strong><br \/>\n<strong>Vous pouvez demander gratuitement la protection internationale si dans votre pays d\u2019origine il y a un environnement homophobe ou transphobe et si vous avez subi des violences ou des discriminations.<\/strong><br \/>\n<b>\u00a0<\/b><br \/>\n<strong>\ud83c\uddea\ud83c\uddf8 En Italia, ser o tener comportamientos homosexuales, bisexuales o identificarse como transexuales nos es un crimen.<\/strong><br \/>\n<strong>En nuestro pa\u00eds puedes entregar gratuitamente tu solicitud de protecci\u00f3n internacional si en tu pa\u00eds de origen hay un ambiente homof\u00f3bico o transfobico o has sido sometido\/a a violencias y\/o discriminaciones.<\/strong><br \/>\n<b>\u00a0<\/b><br \/>\n<strong>\ud83c\uddf5\ud83c\uddf9 Na It\u00e1lia, ser ou ter comportamentos homossexuais, bissexuais o que se identificam como transg\u00eanero n\u00e3o \u00e9 um crime.<\/strong><br \/>\n<strong>Voc\u00ea pode fazer de gra\u00e7a o pedido de protec\u00e7\u00e3o internacional, se no seu pa\u00eds de origem h\u00e1 um ambiente homof\u00f3bico e transofobo e foram v\u00edtimas de viol\u00eancia e \/ ou discrimina\u00e7\u00e3o.<\/strong><\/p>\n<p><strong>\ud83c\udde6\ud83c\uddea \u0641\u064a \u0625\u064a\u0637\u0627\u0644\u064a\u0627 \u0625\u0630\u0627 \u0643\u0627\u0646 \u0644\u062f\u064a\u0643 \u0633\u0644\u0648\u0643 \u0645\u062b\u0644\u064a \u0627\u0648\u062b\u0646\u0627\u0626\u064a\u064a \u0627\u0644\u062c\u0646\u0633 \u0623\u0648 \u0625\u0630\u0627 \u0643\u0646\u062a \u0645\u062a\u062d\u0648\u0644 \u0627\u0648 \u0645\u062a\u062d\u0648\u0644\u0629 \u062c\u0646\u0633\u064a\u0627\u060c \u0641\u0625\u0646\u0647\u0627 \u0644\u0627 \u062a\u0639\u062a\u0628\u0631 \u062c\u0631\u064a\u0645\u0629<\/strong><br \/>\n<strong>\u064a\u0645\u0643\u0646\u0643 \u062a\u0642\u062f\u064a\u0645 \u0637\u0644\u0628 \u0644\u0644\u062d\u0645\u0627\u064a\u0629 \u0627\u0644\u062f\u0648\u0644\u064a\u0629 \u0648 \u0627\u0644\u0644\u062c\u0648\u0621 \u0627\u0644\u0633\u064a\u0627\u0633\u064a \u0625\u0630\u0627 \u0641\u064a \u0628\u0644\u062f\u0643 \u0627\u0644\u0623\u0635\u0644\u064a \u0643\u0627\u0646 \u0647\u0646\u0627\u0643 \u0631\u0647\u0627\u0628 \u0627\u0644\u0645\u062b\u0644\u064a\u064a\u0646 \u0648 \u0631\u0647\u0627\u0628 \u0627\u0644\u0645\u062a\u062d\u0648\u0644\u064a\u0646 \u0627\u0648 \u0627\u0630\u0627 \u062a\u0639\u0631\u0636\u062a \u0644\u0644\u0639\u0646\u0641 \u0648 \u0627\u0644\u062a\u0645\u064a\u064a\u0632 \u0648 \u0627\u0644\u062a\u0639\u062f\u064a \u0639\u0644\u0649 \u062d\u0631\u064a\u0627\u062a\u0643<\/strong><br \/>\n<b>\u00a0<\/b><br \/>\n<strong>\ud83c\uddf5\ud83c\uddf0 \u0627\u0679\u0644\u06cc \u0645\u06cc\u06ba \u06c1\u0645 \u062c\u0646\u0633 \u067e\u0631\u0633\u062a \u06cc\u0627 \u0628\u0627\u0621\u06cc\u0648 \u0633\u06cc\u06a9\u0633\u0648\u0644 \u06c1\u0648\u0646\u0627 \u06cc\u0627 \u067e\u062d\u0631 \u0628\u0637\u0648\u0631 \u062e\u0648\u0627\u062c\u06c1 \u0633\u0631\u0627\u0621 \u0627\u067e\u0646\u06cc \u0634\u0646\u0627\u062e\u062a \u06a9\u0631\u0648\u0627\u0646\u0627 \u062c\u0631\u0645 \u0646\u06c1\u06cc\u06ba \u06c1\u06d2<\/strong><br \/>\n<strong>\u0627\u06af\u0631 \u0622\u067e \u06a9\u06d2 \u0645\u064f\u0644\u06a9 \u0645\u06cc\u06ba \u0622\u067e \u06a9\u0648 \u06c1\u0648\u0645\u0648\u0641\u0648\u0628\u06cc\u0627 \u06cc\u0627 \u0679\u0631\u0627\u0646\u0633 \u0641\u0648\u0628\u06cc\u0627 \u06a9\u06cc \u0648\u062c\u06c1 \u0633\u06d2 \u06a9\u0633\u06cc \u0628\u062d\u06cc \u0642\u0633\u0645 \u06a9\u06d2 \u062a\u0634\u062f\u062f \u06cc\u0627 \u062a\u0636\u06be\u06cc\u06a9 \u06a9\u0627 \u0633\u0627\u0645\u0646\u0627 \u06c1\u06d2 \u062a\u0648 \u0622\u067e \u06c1\u0645\u0627\u0631\u06d2 \u0645\u0644\u06a9 \u0627\u0679\u0644\u06cc \u0645\u06cc\u06ba \u0627\u067e\u0646\u06cc \u067e\u0631\u0648\u0679\u06cc\u06a9\u0634\u0646 \u06a9\u06d2 \u0644\u06cc\u06d2 \u0628\u0644\u0627 \u0645\u0639\u0627\u0648\u0636\u06c1 \u0627\u067e\u0644\u0627\u0621\u06cc \u06a9\u0631 \u0633\u06a9\u062a\u06d2 \u06c1\u06cc\u06ba\u06d4<\/strong><br \/>\n<b>\u00a0<\/b><br \/>\n<strong>\ud83c\udde8\ud83c\uddf3 \ufffc\u5728\u610f\u5927\u5229\uff0c\u8eab\u4e3a\u540c\u6027\u604b\uff0c\u53cc\u6027\u604b\u6216\u662f\u6709\u76f8\u5173\u7684\u884c\u4e3a\u4e3e\u6b62\uff0c\u53c8\u6216\u8005\u662f\u6210\u4e3a\u53d8\u6027\u8005\u5e76\u4e0d\u662f\u4e00\u4ef6\u8fdd\u6cd5\u7684\u4e8b\u60c5\u3002<\/strong><br \/>\n<strong>\u5982\u679c\u5728\u4f60\u6240\u5728\u7684\u56fd\u5bb6\u5b58\u5728\u6050\u60e7\u540c\u6027\u604b\uff0c\u6050\u60e7\u53d8\u6027\u8005\u7684\u73af\u5883\uff0c\u6216\u8005\u4f60\u66fe\u906d\u53d7\u4fb5\u72af\u548c\uff0f\u6216\u6b67\u89c6\uff0c\u4f60\u53ef\u4ee5\u5728\u6211\u4eec\u7684\u56fd\u5bb6\u514d\u8d39\u7533\u8bf7\u56fd\u9645\u4fdd\u62a4\u3002<\/strong><\/p>\n<p><strong>\ud83c\uddf7\ud83c\uddfa \u0442\u044b \u043c\u043e\u0436\u0435\u0448\u044c \u0431\u0435\u0441\u043f\u043b\u0430\u0442\u043d\u043e \u043f\u043e\u0434\u0430\u0442\u044c \u0437\u0430\u043f\u0440\u043e\u0441 \u0434\u043b\u044f \u043f\u043e\u043b\u0443\u0447\u0435\u043d\u0438\u044f \u043c\u0435\u0436\u0434\u0443\u043d\u0430\u0440\u043e\u0434\u043d\u043e\u0439 \u0437\u0430\u0449\u0438\u0442\u044b, \u0435\u0441\u043b\u0438 \u0432 \u0442\u0432\u043e\u0435\u0439 \u0440\u043e\u0434\u043d\u043e\u0439 \u0441\u0442\u0440\u0430\u043d\u0435 \u0435\u0441\u0442\u044c \u0433\u043e\u043c\u043e\u0444\u043e\u0431\u043d\u0430\u044f \u0438\/\u0438\u043b\u0438 \u0442\u0440\u0430\u043d\u0441\u0444\u043e\u0431\u043d\u0430\u044f \u0441\u0440\u0435\u0434\u0430, as \u043a\u043e\u0442\u043e\u0440\u043e\u0439 \u0440\u0430\u0441\u043f\u0440\u043e\u0441\u0442\u0440\u0430\u043d\u0435\u043d\u044b \u0434\u0438\u0441\u043a\u0440\u0438\u043c\u0438\u043d\u0430\u0446\u0438\u044f and \u043d\u0430\u0441\u0438\u043b\u0438\u0435<\/strong><\/p>","protected":false},"excerpt":{"rendered":"<p>The LGBTQIA+ Intercultural Help Desk (Lesbian, Gay, Bisexual, Trans*, Queer, Intersexual, Asexual, and More) offers support and assistance to migrants who experience discrimination based on their sexual orientation or gender identity. The service provides assistance...<\/p>","protected":false},"author":8,"featured_media":0,"parent":0,"menu_order":0,"comment_status":"closed","ping_status":"closed","template":"","meta":{"_mc_calendar":[],"footnotes":""},"class_list":["post-1450","page","type-page","status-publish","hentry"],"_links":{"self":[{"href":"https:\/\/gayhelpline.it\/en\/wp-json\/wp\/v2\/pages\/1450","targetHints":{"allow":["GET"]}}],"collection":[{"href":"https:\/\/gayhelpline.it\/en\/wp-json\/wp\/v2\/pages"}],"about":[{"href":"https:\/\/gayhelpline.it\/en\/wp-json\/wp\/v2\/types\/page"}],"author":[{"embeddable":true,"href":"https:\/\/gayhelpline.it\/en\/wp-json\/wp\/v2\/users\/8"}],"replies":[{"embeddable":true,"href":"https:\/\/gayhelpline.it\/en\/wp-json\/wp\/v2\/comments?post=1450"}],"version-history":[{"count":6,"href":"https:\/\/gayhelpline.it\/en\/wp-json\/wp\/v2\/pages\/1450\/revisions"}],"predecessor-version":[{"id":1459,"href":"https:\/\/gayhelpline.it\/en\/wp-json\/wp\/v2\/pages\/1450\/revisions\/1459"}],"wp:attachment":[{"href":"https:\/\/gayhelpline.it\/en\/wp-json\/wp\/v2\/media?parent=1450"}],"curies":[{"name":"wp","href":"https:\/\/api.w.org\/{rel}","templated":true}]}}